{"id":12042,"date":"2023-10-24T13:16:50","date_gmt":"2023-10-24T06:16:50","guid":{"rendered":"https:\/\/charoendecor.com\/?post_type=product&#038;p=12042"},"modified":"2023-10-24T13:20:24","modified_gmt":"2023-10-24T06:20:24","slug":"bronzes-de-france-collection","status":"publish","type":"product","link":"https:\/\/charoendecor.com\/th\/product\/bronzes-de-france-collection\/","title":{"rendered":"BRONZES DE FRANCE COLLECTION"},"content":{"rendered":"","protected":false},"excerpt":{"rendered":"<p style=\"text-align: left;\">Bronzes de France propose une offre unique de serrurerie d\u00e9corative, d\u2019accessoires et de bronzes d\u2019ameublement pour les projets de s\u00e9sidences priv\u00e9es, d\u2019h\u00f4tellerie et de retail \u00e0 travers le monde.<\/p>\n<p>&nbsp;<\/p>\n<p style=\"text-align: left;\">Des mod\u00e8les classiques cisel\u00e9s \u00e0 la main aux mod\u00e8les contemporains au design minimaliste, la collection d\u2019adapte \u00e0 tous les projets et tous les budgets. Depuis plus de 30 ans, nous accompagnons nos clients dans leurs projets \u00e0 travers le monde.<\/p>\n","protected":false},"featured_media":12063,"template":"","meta":[],"product_brand":[],"product_cat":[224],"product_tag":[195,144],"class_list":{"0":"post-12042","1":"product","2":"type-product","3":"status-publish","4":"has-post-thumbnail","6":"product_cat-bronzes-de-france","7":"product_tag-france","8":"product_tag-hardware-accessories","10":"first","11":"instock","12":"shipping-taxable","13":"product-type-simple"},"acf":[],"_links":{"self":[{"href":"https:\/\/charoendecor.com\/th\/wp-json\/wp\/v2\/product\/12042","targetHints":{"allow":["GET"]}}],"collection":[{"href":"https:\/\/charoendecor.com\/th\/wp-json\/wp\/v2\/product"}],"about":[{"href":"https:\/\/charoendecor.com\/th\/wp-json\/wp\/v2\/types\/product"}],"wp:featuredmedia":[{"embeddable":true,"href":"https:\/\/charoendecor.com\/th\/wp-json\/wp\/v2\/media\/12063"}],"wp:attachment":[{"href":"https:\/\/charoendecor.com\/th\/wp-json\/wp\/v2\/media?parent=12042"}],"wp:term":[{"taxonomy":"product_brand","embeddable":true,"href":"https:\/\/charoendecor.com\/th\/wp-json\/wp\/v2\/product_brand?post=12042"},{"taxonomy":"product_cat","embeddable":true,"href":"https:\/\/charoendecor.com\/th\/wp-json\/wp\/v2\/product_cat?post=12042"},{"taxonomy":"product_tag","embeddable":true,"href":"https:\/\/charoendecor.com\/th\/wp-json\/wp\/v2\/product_tag?post=12042"}],"curies":[{"name":"wp","href":"https:\/\/api.w.org\/{rel}","templated":true}]}}