{"id":9995,"date":"2019-07-04T12:24:53","date_gmt":"2019-07-04T05:24:53","guid":{"rendered":"https:\/\/charoendecor.com\/brand\/houles\/"},"modified":"2025-12-11T17:44:35","modified_gmt":"2025-12-11T10:44:35","slug":"houles","status":"publish","type":"page","link":"https:\/\/charoendecor.com\/th\/brand\/houles\/","title":{"rendered":"HOULES"},"content":{"rendered":"<p>[vc_row css_animation=&#8221;&#8221; row_type=&#8221;row&#8221; use_row_as_full_screen_section=&#8221;no&#8221; type=&#8221;grid&#8221; angled_section=&#8221;no&#8221; text_align=&#8221;left&#8221; background_image_as_pattern=&#8221;without_pattern&#8221; z_index=&#8221;&#8221; padding_top=&#8221;128&#8243;][vc_column width=&#8221;1\/2&#8243;][vc_single_image image=&#8221;10600&#8243; img_size=&#8221;full&#8221; alignment=&#8221;center&#8221; onclick=&#8221;custom_link&#8221; img_link_target=&#8221;_blank&#8221; qode_css_animation=&#8221;&#8221; link=&#8221;https:\/\/www.houles.com\/&#8221;][vc_empty_space height=&#8221;48px&#8221;][\/vc_column][vc_column width=&#8221;1\/2&#8243;][vc_column_text]<\/p>\n<h1>HOULES<\/h1>\n<p>[\/vc_column_text][vc_separator type=&#8221;small&#8221; position=&#8221;left&#8221; color=&#8221;#0a0a0a&#8221; transparency=&#8221;1&#8243; thickness=&#8221;1&#8243; width=&#8221;63&#8243; up=&#8221;25&#8243; down=&#8221;25&#8243;][vc_row_inner row_type=&#8221;row&#8221; type=&#8221;full_width&#8221; text_align=&#8221;left&#8221; css_animation=&#8221;&#8221;][vc_column_inner][vc_column_text]<\/p>\n<p style=\"text-align: left;\">Founded in 1928, F\u00e9lix and his son Andr\u00e9 Houl\u00e8s established the parent company, 18 rue Saint-Nicolas, in the heart of Paris, in the Faubourg Saint-Antoine area, the traditional district for upholsterers, interior designers and architects.<\/p>\n<p>[\/vc_column_text][vc_empty_space height=&#8221;15px&#8221;][vc_column_text]<\/p>\n<p style=\"text-align: left;\">In the Thirties, Suzanne and Pierre Houl\u00e8s will turn this French family business into a company with international allure, and eventually transfer it to their children. Today, the company is managed with great passion and enthusiasm by its president Philippe Houl\u00e8s, who became enveloped in the world of decoration at an early age.<\/p>\n<p>[\/vc_column_text][vc_empty_space height=&#8221;15px&#8221;][vc_column_text]<\/p>\n<p style=\"text-align: left;\">Originally, wholesalers of upholstery supplies, Houl\u00e8s has since developed its business to specialize in creating trimmings collections, and is now well-known as a worldwide leader. Always new high-end creations, expressions with historical accuracy,openness to current trends in decoration&#8230;and a strong presence worldwide&#8230;the Houl\u00e8sstory continues, with passion and ambition, for the past 85 years.<\/p>\n<p>[\/vc_column_text][vc_empty_space height=&#8221;15px&#8221;][vc_column_text]<\/p>\n<h5><a href=\"https:\/\/www.houles.com\/\" target=\"_blank\" rel=\"noopener noreferrer\">VISIT WEBSITE<\/a><\/h5>\n<p>[\/vc_column_text][vc_empty_space height=&#8221;15px&#8221;][vc_column_text]<strong>New Collections 2025<\/strong><br \/>\n[\/vc_column_text][vc_column_text]<\/p>\n<h5><a href=\"https:\/\/www.houles.com\/US-en\/collection\/calypso-1039\" target=\"_blank\" rel=\"noopener noreferrer\">Calypso<\/a><\/h5>\n<h5><a href=\"https:\/\/www.houles.com\/US-en\/collection\/era-1038\" target=\"_blank\" rel=\"noopener noreferrer\">Era<\/a><\/h5>\n<h5><a href=\"https:\/\/www.houles.com\/US-en\/collection\/franges-torse-bullion-fringes-1040\" target=\"_blank\" rel=\"noopener noreferrer\">Franges Torse Bullion Fringes<\/a><\/h5>\n<p>[\/vc_column_text][vc_empty_space height=&#8221;15px&#8221;][vc_column_text]<strong>E-Catalogue SS &amp; AW 2025<\/strong>[\/vc_column_text][vc_column_text]<\/p>\n<h5><a href=\"https:\/\/charoendecor.com\/wp-content\/uploads\/2025\/12\/Brochure-Franges.pdf\" target=\"_blank\" rel=\"noopener noreferrer\">Brochure Franges<\/a><\/h5>\n<h5><a href=\"https:\/\/charoendecor.com\/wp-content\/uploads\/2025\/12\/ERA-page-brochure.pdf\" target=\"_blank\" rel=\"noopener noreferrer\">ERA Brochure<\/a><\/h5>\n<p>[\/vc_column_text][vc_empty_space height=&#8221;15px&#8221;][\/vc_column_inner][\/vc_row_inner][\/vc_column][\/vc_row][vc_row css_animation=&#8221;&#8221; row_type=&#8221;row&#8221; use_row_as_full_screen_section=&#8221;no&#8221; type=&#8221;grid&#8221; angled_section=&#8221;no&#8221; text_align=&#8221;left&#8221; background_image_as_pattern=&#8221;without_pattern&#8221; z_index=&#8221;&#8221; padding_bottom=&#8221;96&#8243;][vc_column]<div class=\"woocommerce columns-4 \"><\/div>[vc_empty_space height=&#8221;48px&#8221;][\/vc_column][\/vc_row][vc_row css_animation=&#8221;&#8221; row_type=&#8221;row&#8221; use_row_as_full_screen_section=&#8221;no&#8221; type=&#8221;grid&#8221; angled_section=&#8221;no&#8221; text_align=&#8221;center&#8221; background_image_as_pattern=&#8221;without_pattern&#8221; padding_top=&#8221;32&#8243; padding_bottom=&#8221;32&#8243; z_index=&#8221;&#8221; css=&#8221;.vc_custom_1560427749001{background-color: #f2f0ef !important;}&#8221;][vc_column][vc_column_text]<\/p>\n<h4>Subscribe newsletter<\/h4>\n<p>[\/vc_column_text][vc_separator type=&#8221;small&#8221; position=&#8221;center&#8221; color=&#8221;#0a0a0a&#8221; transparency=&#8221;1&#8243; thickness=&#8221;1&#8243; width=&#8221;63&#8243; up=&#8221;31&#8243; down=&#8221;48&#8243;][qode_elements_holder number_of_columns=&#8221;one_column&#8221;][qode_elements_holder_item advanced_animations=&#8221;no&#8221; item_padding=&#8221;0 21% 0 21%&#8221; item_padding_600_768=&#8221;0 1% 0 1%&#8221; item_padding_480_600=&#8221;0 1% 0 1%&#8221; item_padding_480=&#8221;0 1% 0 1%&#8221;]\n<div class=\"wpcf7 no-js\" id=\"wpcf7-f112-o1\" lang=\"en-US\" dir=\"ltr\" data-wpcf7-id=\"112\">\n<div class=\"screen-reader-response\"><p role=\"status\" aria-live=\"polite\" aria-atomic=\"true\"><\/p> <ul><\/ul><\/div>\n<form action=\"\/th\/wp-json\/wp\/v2\/pages\/9995#wpcf7-f112-o1\" method=\"post\" class=\"wpcf7-form init cf7_custom_style_1\" aria-label=\"Contact form\" novalidate=\"novalidate\" data-status=\"init\">\n<fieldset class=\"hidden-fields-container\"><input type=\"hidden\" name=\"_wpcf7\" value=\"112\" \/><input type=\"hidden\" name=\"_wpcf7_version\" value=\"6.1.4\" \/><input type=\"hidden\" name=\"_wpcf7_locale\" value=\"en_US\" \/><input type=\"hidden\" name=\"_wpcf7_unit_tag\" value=\"wpcf7-f112-o1\" \/><input type=\"hidden\" name=\"_wpcf7_container_post\" value=\"0\" \/><input type=\"hidden\" name=\"_wpcf7_posted_data_hash\" value=\"\" \/><input type=\"hidden\" name=\"_wpcf7_recaptcha_response\" value=\"\" \/>\n<\/fieldset>\n<div class=\"two_columns_form_with_space\">\n\t<div class=\"column_left\">\n\t\t<p><span class=\"wpcf7-form-control-wrap\" data-name=\"your-email\"><input size=\"40\" maxlength=\"400\" class=\"wpcf7-form-control wpcf7-text wpcf7-validates-as-required\" aria-required=\"true\" aria-invalid=\"false\" placeholder=\"Enter Your Email\" value=\"\" type=\"text\" name=\"your-email\" \/><\/span>\n\t\t<\/p>\n\t<\/div>\n\t<div class=\"column_right\">\n\t\t<p><input class=\"wpcf7-form-control wpcf7-submit has-spinner\" type=\"submit\" value=\"Subscribe\" \/>\n\t\t<\/p>\n\t<\/div>\n<\/div><div class=\"wpcf7-response-output\" aria-hidden=\"true\"><\/div>\n<\/form>\n<\/div>\n[\/qode_elements_holder_item][\/qode_elements_holder][\/vc_column][\/vc_row]<\/p>\n","protected":false},"excerpt":{"rendered":"<p>[vc_row css_animation=&#8221;&#8221; row_type&#8230;<\/p>\n","protected":false},"author":1,"featured_media":0,"parent":8667,"menu_order":0,"comment_status":"closed","ping_status":"closed","template":"full_width.php","meta":{"footnotes":""},"class_list":["post-9995","page","type-page","status-publish","hentry"],"acf":[],"_links":{"self":[{"href":"https:\/\/charoendecor.com\/th\/wp-json\/wp\/v2\/pages\/9995","targetHints":{"allow":["GET"]}}],"collection":[{"href":"https:\/\/charoendecor.com\/th\/wp-json\/wp\/v2\/pages"}],"about":[{"href":"https:\/\/charoendecor.com\/th\/wp-json\/wp\/v2\/types\/page"}],"author":[{"embeddable":true,"href":"https:\/\/charoendecor.com\/th\/wp-json\/wp\/v2\/users\/1"}],"replies":[{"embeddable":true,"href":"https:\/\/charoendecor.com\/th\/wp-json\/wp\/v2\/comments?post=9995"}],"version-history":[{"count":8,"href":"https:\/\/charoendecor.com\/th\/wp-json\/wp\/v2\/pages\/9995\/revisions"}],"predecessor-version":[{"id":15197,"href":"https:\/\/charoendecor.com\/th\/wp-json\/wp\/v2\/pages\/9995\/revisions\/15197"}],"up":[{"embeddable":true,"href":"https:\/\/charoendecor.com\/th\/wp-json\/wp\/v2\/pages\/8667"}],"wp:attachment":[{"href":"https:\/\/charoendecor.com\/th\/wp-json\/wp\/v2\/media?parent=9995"}],"curies":[{"name":"wp","href":"https:\/\/api.w.org\/{rel}","templated":true}]}}