{"id":9944,"date":"2022-11-17T22:01:50","date_gmt":"2022-11-17T15:01:50","guid":{"rendered":"https:\/\/charoendecor.com\/brand\/blanc\/"},"modified":"2024-03-03T20:52:56","modified_gmt":"2024-03-03T13:52:56","slug":"bronzes-de-france","status":"publish","type":"page","link":"https:\/\/charoendecor.com\/th\/brand\/bronzes-de-france\/","title":{"rendered":"BRONZES DE FRANCE"},"content":{"rendered":"<p>[vc_row css_animation=&#8221;&#8221; row_type=&#8221;row&#8221; use_row_as_full_screen_section=&#8221;no&#8221; type=&#8221;grid&#8221; angled_section=&#8221;no&#8221; text_align=&#8221;left&#8221; background_image_as_pattern=&#8221;without_pattern&#8221; z_index=&#8221;&#8221; padding_top=&#8221;128&#8243; anchor=&#8221;BOUSSAC&#8221;][vc_column width=&#8221;1\/2&#8243;][vc_single_image image=&#8221;12066&#8243; img_size=&#8221;900&#215;1200&#8243; alignment=&#8221;center&#8221; onclick=&#8221;custom_link&#8221; img_link_target=&#8221;_blank&#8221; qode_css_animation=&#8221;&#8221; link=&#8221;https:\/\/www.bronzesdefrance.com\/&#8221;][vc_empty_space height=&#8221;48px&#8221;][\/vc_column][vc_column width=&#8221;1\/2&#8243;][vc_column_text]<\/p>\n<h1>BRONZES DE FRANCE<\/h1>\n<p>[\/vc_column_text][vc_separator type=&#8221;small&#8221; position=&#8221;left&#8221; color=&#8221;#0a0a0a&#8221; transparency=&#8221;1&#8243; thickness=&#8221;1&#8243; width=&#8221;63&#8243; up=&#8221;25&#8243; down=&#8221;25&#8243;][vc_row_inner row_type=&#8221;row&#8221; type=&#8221;full_width&#8221; text_align=&#8221;left&#8221; css_animation=&#8221;&#8221; padding_top=&#8221;25&#8243;][vc_column_inner width=&#8221;5\/6&#8243;][vc_column_text]<\/p>\n<p style=\"text-align: left;\"><strong> Une fabrication fran\u00e7aise &amp; artisanale<\/strong><\/p>\n<p>[\/vc_column_text][vc_empty_space height=&#8221;15px&#8221;][vc_column_text]<\/p>\n<p style=\"text-align: left;\">Bronzes de France propose une offre unique de serrurerie d\u00e9corative, d\u2019accessoires et de bronzes d\u2019ameublement pour les projets de s\u00e9sidences priv\u00e9es, d\u2019h\u00f4tellerie et de retail \u00e0 travers le monde.<\/p>\n<p>[\/vc_column_text][vc_empty_space height=&#8221;15px&#8221;][vc_column_text]Des mod\u00e8les classiques cisel\u00e9s \u00e0 la main aux mod\u00e8les contemporains au design minimaliste, la collection d\u2019adapte \u00e0 tous les projets et tous les budgets. Depuis plus de 30 ans, nous accompagnons nos clients dans leurs projets \u00e0 travers le monde.[\/vc_column_text][vc_empty_space height=&#8221;15px&#8221;][vc_column_text]<\/p>\n<h5><a href=\"https:\/\/www.bronzesdefrance.com\/\" target=\"_blank\" rel=\"noopener noreferrer\">VISIT WEBSITE<\/a><\/h5>\n<p>[\/vc_column_text][\/vc_column_inner][vc_column_inner width=&#8221;1\/6&#8243;][\/vc_column_inner][\/vc_row_inner][\/vc_column][\/vc_row][vc_row css_animation=&#8221;&#8221; row_type=&#8221;row&#8221; use_row_as_full_screen_section=&#8221;no&#8221; type=&#8221;grid&#8221; angled_section=&#8221;no&#8221; text_align=&#8221;left&#8221; background_image_as_pattern=&#8221;without_pattern&#8221; z_index=&#8221;&#8221; padding_bottom=&#8221;96&#8243;][vc_column]<div class=\"woocommerce columns-4 \"><ul class=\"products\">\n\t<li class=\"product type-product post-12042 status-publish first instock product_cat-bronzes-de-france product_tag-france product_tag-hardware-accessories has-post-thumbnail shipping-taxable product-type-simple\">\n\t\t\n    <div class=\"top-product-section\">\n\n        <a itemprop=\"url\" href=\"https:\/\/charoendecor.com\/th\/product\/bronzes-de-france-collection\/\" class=\"product-category\">\n            <span class=\"image-wrapper\">\n            <img loading=\"lazy\" decoding=\"async\" width=\"300\" height=\"300\" src=\"https:\/\/charoendecor.com\/wp-content\/uploads\/2023\/10\/ambassade_Bronzes_portes-1154x1536_1_11zon-300x300.jpg\" class=\"attachment-woocommerce_thumbnail size-woocommerce_thumbnail\" alt=\"BRONZES DE FRANCE COLLECTION\" srcset=\"https:\/\/charoendecor.com\/wp-content\/uploads\/2023\/10\/ambassade_Bronzes_portes-1154x1536_1_11zon-300x300.jpg 300w, https:\/\/charoendecor.com\/wp-content\/uploads\/2023\/10\/ambassade_Bronzes_portes-1154x1536_1_11zon-150x150.jpg 150w, https:\/\/charoendecor.com\/wp-content\/uploads\/2023\/10\/ambassade_Bronzes_portes-1154x1536_1_11zon-570x570.jpg 570w, https:\/\/charoendecor.com\/wp-content\/uploads\/2023\/10\/ambassade_Bronzes_portes-1154x1536_1_11zon-500x500.jpg 500w, https:\/\/charoendecor.com\/wp-content\/uploads\/2023\/10\/ambassade_Bronzes_portes-1154x1536_1_11zon-100x100.jpg 100w\" sizes=\"auto, (max-width: 300px) 100vw, 300px\" \/>            <\/span>\n        <\/a>\n\n\t\t<span class=\"add-to-cart-button-outer\"><span class=\"add-to-cart-button-inner\"><a href=\"https:\/\/charoendecor.com\/th\/product\/bronzes-de-france-collection\/\" data-quantity=\"1\" class=\"button product_type_simple qbutton add-to-cart-button\" data-product_id=\"12042\" data-product_sku=\"\" aria-label=\"\u0e2d\u0e48\u0e32\u0e19\u0e40\u0e1e\u0e34\u0e48\u0e21\u0e40\u0e15\u0e34\u0e21\u0e40\u0e01\u0e35\u0e48\u0e22\u0e27\u0e01\u0e31\u0e1a &ldquo;BRONZES DE FRANCE COLLECTION&rdquo;\" rel=\"nofollow\" data-success_message=\"\">\u0e2d\u0e48\u0e32\u0e19\u0e40\u0e1e\u0e34\u0e48\u0e21<\/a><\/span><\/span>\n    <\/div>\n        <a itemprop=\"url\" href=\"https:\/\/charoendecor.com\/th\/product\/bronzes-de-france-collection\/\" class=\"product-category product-info\">\n        <h6 itemprop=\"name\">BRONZES DE FRANCE COLLECTION<\/h6>\n\n        \n        \n    <\/a>\n\n    \n<\/li><\/ul>\n<\/div>[vc_empty_space height=&#8221;48px&#8221;][\/vc_column][\/vc_row][vc_row css_animation=&#8221;&#8221; row_type=&#8221;row&#8221; use_row_as_full_screen_section=&#8221;no&#8221; type=&#8221;grid&#8221; angled_section=&#8221;no&#8221; text_align=&#8221;center&#8221; background_image_as_pattern=&#8221;without_pattern&#8221; padding_top=&#8221;32&#8243; padding_bottom=&#8221;32&#8243; z_index=&#8221;&#8221; css=&#8221;.vc_custom_1560427749001{background-color: #f2f0ef !important;}&#8221;][vc_column][vc_column_text]<\/p>\n<h4>Subscribe newsletter<\/h4>\n<p>[\/vc_column_text][vc_separator type=&#8221;small&#8221; position=&#8221;center&#8221; color=&#8221;#0a0a0a&#8221; transparency=&#8221;1&#8243; thickness=&#8221;1&#8243; width=&#8221;63&#8243; up=&#8221;31&#8243; down=&#8221;48&#8243;][qode_elements_holder number_of_columns=&#8221;one_column&#8221;][qode_elements_holder_item advanced_animations=&#8221;no&#8221; item_padding=&#8221;0 21% 0 21%&#8221; item_padding_600_768=&#8221;0 1% 0 1%&#8221; item_padding_480_600=&#8221;0 1% 0 1%&#8221; item_padding_480=&#8221;0 1% 0 1%&#8221;]\n<div class=\"wpcf7 no-js\" id=\"wpcf7-f112-o1\" lang=\"en-US\" dir=\"ltr\" data-wpcf7-id=\"112\">\n<div class=\"screen-reader-response\"><p role=\"status\" aria-live=\"polite\" aria-atomic=\"true\"><\/p> <ul><\/ul><\/div>\n<form action=\"\/th\/wp-json\/wp\/v2\/pages\/9944#wpcf7-f112-o1\" method=\"post\" class=\"wpcf7-form init cf7_custom_style_1\" aria-label=\"Contact form\" novalidate=\"novalidate\" data-status=\"init\">\n<fieldset class=\"hidden-fields-container\"><input type=\"hidden\" name=\"_wpcf7\" value=\"112\" \/><input type=\"hidden\" name=\"_wpcf7_version\" value=\"6.1.4\" \/><input type=\"hidden\" name=\"_wpcf7_locale\" value=\"en_US\" \/><input type=\"hidden\" name=\"_wpcf7_unit_tag\" value=\"wpcf7-f112-o1\" \/><input type=\"hidden\" name=\"_wpcf7_container_post\" value=\"0\" \/><input type=\"hidden\" name=\"_wpcf7_posted_data_hash\" value=\"\" \/><input type=\"hidden\" name=\"_wpcf7_recaptcha_response\" value=\"\" \/>\n<\/fieldset>\n<div class=\"two_columns_form_with_space\">\n\t<div class=\"column_left\">\n\t\t<p><span class=\"wpcf7-form-control-wrap\" data-name=\"your-email\"><input size=\"40\" maxlength=\"400\" class=\"wpcf7-form-control wpcf7-text wpcf7-validates-as-required\" aria-required=\"true\" aria-invalid=\"false\" placeholder=\"Enter Your Email\" value=\"\" type=\"text\" name=\"your-email\" \/><\/span>\n\t\t<\/p>\n\t<\/div>\n\t<div class=\"column_right\">\n\t\t<p><input class=\"wpcf7-form-control wpcf7-submit has-spinner\" type=\"submit\" value=\"Subscribe\" \/>\n\t\t<\/p>\n\t<\/div>\n<\/div><div class=\"wpcf7-response-output\" aria-hidden=\"true\"><\/div>\n<\/form>\n<\/div>\n[\/qode_elements_holder_item][\/qode_elements_holder][\/vc_column][\/vc_row]<\/p>\n","protected":false},"excerpt":{"rendered":"<p>[vc_row css_animation=&#8221;&#8221; row_type&#8230;<\/p>\n","protected":false},"author":1,"featured_media":0,"parent":8667,"menu_order":0,"comment_status":"closed","ping_status":"closed","template":"full_width.php","meta":{"footnotes":""},"class_list":["post-9944","page","type-page","status-publish","hentry"],"acf":[],"_links":{"self":[{"href":"https:\/\/charoendecor.com\/th\/wp-json\/wp\/v2\/pages\/9944","targetHints":{"allow":["GET"]}}],"collection":[{"href":"https:\/\/charoendecor.com\/th\/wp-json\/wp\/v2\/pages"}],"about":[{"href":"https:\/\/charoendecor.com\/th\/wp-json\/wp\/v2\/types\/page"}],"author":[{"embeddable":true,"href":"https:\/\/charoendecor.com\/th\/wp-json\/wp\/v2\/users\/1"}],"replies":[{"embeddable":true,"href":"https:\/\/charoendecor.com\/th\/wp-json\/wp\/v2\/comments?post=9944"}],"version-history":[{"count":9,"href":"https:\/\/charoendecor.com\/th\/wp-json\/wp\/v2\/pages\/9944\/revisions"}],"predecessor-version":[{"id":12235,"href":"https:\/\/charoendecor.com\/th\/wp-json\/wp\/v2\/pages\/9944\/revisions\/12235"}],"up":[{"embeddable":true,"href":"https:\/\/charoendecor.com\/th\/wp-json\/wp\/v2\/pages\/8667"}],"wp:attachment":[{"href":"https:\/\/charoendecor.com\/th\/wp-json\/wp\/v2\/media?parent=9944"}],"curies":[{"name":"wp","href":"https:\/\/api.w.org\/{rel}","templated":true}]}}